{"id":671,"date":"2017-05-09T06:30:00","date_gmt":"2017-05-09T06:30:00","guid":{"rendered":"http:\/\/podoiatria.it\/Podiatria?page_id=671"},"modified":"2023-01-13T14:23:36","modified_gmt":"2023-01-13T14:23:36","slug":"professoriavagnina","status":"publish","type":"page","link":"https:\/\/podoiatria.it\/Podiatria\/professoriavagnina\/","title":{"rendered":"Prof.i Avagnina"},"content":{"rendered":"<p>[vc_row css_animation=&#8221;fadeInUp&#8221;][vc_column]<div class=\"ult-spacer spacer-69f4d41cade40\" data-id=\"69f4d41cade40\" data-height=\"30\" data-height-mobile=\"30\" data-height-tab=\"30\" data-height-tab-portrait=\"\" data-height-mobile-landscape=\"\" style=\"clear:both;display:block;\"><\/div>[\/vc_column][\/vc_row][vc_row full_width=&#8221;stretch_row_content_no_spaces&#8221; equal_height=&#8221;yes&#8221; content_placement=&#8221;middle&#8221; css_animation=&#8221;fadeInUp&#8221; el_class=&#8221;vcr_float_right&#8221;][vc_column width=&#8221;1\/2&#8243; el_class=&#8221;no-margin&#8221;][vc_single_image image=&#8221;9765&#8243; img_size=&#8221;full&#8221; alignment=&#8221;right&#8221; css=&#8221;.vc_custom_1617892190350{margin-bottom: 0px !important;}&#8221;][\/vc_column][vc_column width=&#8221;1\/2&#8243; css=&#8221;.vc_custom_1496175611860{padding-top: 30px !important;padding-right: 30px !important;padding-bottom: 30px !important;padding-left: 30px !important;background-color: rgba(0,0,0,0.03) !important;*background-color: rgb(0,0,0) !important;}&#8221; addstyles=&#8221;min-height: 445px;&#8221; el_class=&#8221;no-margin&#8221;]<div class=\"ult-spacer spacer-69f4d41cade68\" data-id=\"69f4d41cade68\" data-height=\"20\" data-height-mobile=\"10\" data-height-tab=\"20\" data-height-tab-portrait=\"20\" data-height-mobile-landscape=\"10\" style=\"clear:both;display:block;\"><\/div>[vc_column_text el_class=&#8221;remove-on-ipad&#8221;]Dottore magistrale in Podoiatria<\/p>\n<p>Dottore Magistrale in Scienze della Riabilitazione<\/p>\n<p>Dottore in Tecniche Ortopediche<\/p>\n<p>Master\u00a0in Chirurgia Podologica<\/p>\n<p>Master in Podologia Medico Chirurgica<\/p>\n<p>Direttore master in Podologia dello sport<\/p>\n<p>Direttore master corso laurea Podoiatria[\/vc_column_text][\/vc_column][\/vc_row][vc_row][vc_column el_class=&#8221;rs_col_no_btm_space&#8221;][vc_column_text]<div class='dt-sc-hr-invisible-small '> <\/div>[\/vc_column_text][\/vc_column][\/vc_row][vc_row][vc_column width=&#8221;2\/3&#8243; el_class=&#8221;rs_col_no_btm_space&#8221;][vc_images_carousel images=&#8221;9958,9985,10039,10040&#8243; img_size=&#8221;1920&#215;1080&#8243; autoplay=&#8221;yes&#8221;][\/vc_column][vc_column width=&#8221;1\/3&#8243;][vc_column_text]STORIA DELLA PODOIATRIA ITALIANA<\/p>\n<p>Dopo aver girato per vent&#8217;anni in giro a congressi, corsi, meeting internazionali negli Stati Uniti, in Europa in Inghilterra, in particolare in Spagna, partecipato a congressi mondiali di Podoiatra. Mi sono reso conto che la podologia italiana era ancora molto, ma molto lontana dagli standard internazionali e, nonostante le numerose proposte di legge presentate l&#8217;Italia era sempre totalmente sorda all&#8217;istituzione di questa figura riconosciuta a livello internazionale e mondiale.<\/p>\n<p>Nel momento in cui, mia figlia Camilla ha voluto seguire le mie orme professionali, mi sono adoperato affinch\u00e9 potesse avere una preparazione all&#8217;altezza degli standard internazionali che avevo visto nel mondo, e non quelli italiani. Per cui sono andato in Spagna, il paese pi\u00f9 vicino, perch\u00e9 il problema del percorso americano \u00e8 il riconoscimento degli studi.[\/vc_column_text][\/vc_column][vc_column][vc_column_text]Quindi abbiamo valutato un percorso europeo, affinch\u00e9 il titolo avesse valore, i paesi che potevano offrirci questa opportunit\u00e0 erano: Inghilterra, Spagna, Portogallo e Irlanda. Abbiamo scelto la Spagna, dove il Podologo, anche se non ancora chiamato Podoiatra, aveva un percorso di laurea quinquennale, che era professionalizzante, che permetteva di poter fare immediatamente medicina e chirurgia in quel settore del corpo. Con l&#8217;iscrizione di mia figlia, ho cercato un&#8217;universit\u00e0 capace di trasformare per chi volesse fare un upgrade della Laurea italiana che era solo triennale, dopo averla trovata. Dal 2014 ho istituito un corso di Laurea, in cui i giovani italiani che avessero conseguito la Laurea in podologia italiana, potessero fare il quarto e quinto anno sotto forma di Master, per poter essere all&#8217;altezza dei livelli internazionali di podoiatria, sono stato osteggiato da tutto il mondo, finch\u00e9 questo \u00e8 stato riconosciuto come unico percorso attuale, finch\u00e9 lo stato italiano non si degner\u00e0 di istituire anche in Italia un corso di laurea di questo tipo. Come sto cercando di fare e mi auguro avvenga.[\/vc_column_text][\/vc_column][\/vc_row][vc_row full_width=&#8221;stretch_row_content_no_spaces&#8221; equal_height=&#8221;yes&#8221; content_placement=&#8221;middle&#8221; css_animation=&#8221;fadeInUp&#8221; disable_element=&#8221;yes&#8221; el_class=&#8221;vcr_float_right&#8221;][vc_column width=&#8221;1\/2&#8243; el_align=&#8221;right&#8221; css=&#8221;.vc_custom_1496175603191{padding-top: 30px !important;padding-right: 30px !important;padding-bottom: 30px !important;padding-left: 30px !important;background-color: rgba(0,0,0,0.03) !important;*background-color: rgb(0,0,0) !important;}&#8221; el_class=&#8221;vc_min_height_left no-margin&#8221; addstyles=&#8221;min-height: 445px;&#8221;]<div class=\"ult-spacer spacer-69f4d41cade91\" data-id=\"69f4d41cade91\" data-height=\"20\" data-height-mobile=\"10\" data-height-tab=\"20\" data-height-tab-portrait=\"20\" data-height-mobile-landscape=\"10\" style=\"clear:both;display:block;\"><\/div>[vc_column_text el_class=&#8221;remove-on-ipad&#8221;]Dott.ssa in Podoiatria e Podologia<br \/>\nMaster in Chirurgia Mininvasiva[\/vc_column_text][\/vc_column][vc_column width=&#8221;1\/2&#8243; el_class=&#8221;no-margin&#8221;][vc_single_image image=&#8221;9777&#8243; img_size=&#8221;full&#8221; css=&#8221;.vc_custom_1617892239548{margin-bottom: 0px !important;}&#8221;][\/vc_column][\/vc_row][vc_row][vc_column el_class=&#8221;rs_col_no_btm_space&#8221;][vc_column_text]<div class='dt-sc-hr-invisible-small '> <\/div>[\/vc_column_text][\/vc_column][\/vc_row]<\/p>\n","protected":false},"excerpt":{"rendered":"<p>[vc_row css_animation=&#8221;fadeInUp&#8221;][vc_column][\/vc_column][\/vc_row][vc_row full_width=&#8221;stretch_row_content_no_spaces&#8221; equal_height=&#8221;yes&#8221; content_placement=&#8221;middle&#8221; css_animation=&#8221;fadeInUp&#8221; el_class=&#8221;vcr_float_right&#8221;][vc_column width=&#8221;1\/2&#8243; el_class=&#8221;no-margin&#8221;][vc_single_image image=&#8221;9765&#8243; img_size=&#8221;full&#8221; alignment=&#8221;right&#8221; css=&#8221;.vc_custom_1617892190350{margin-bottom: 0px !important;}&#8221;][\/vc_column][vc_column width=&#8221;1\/2&#8243; css=&#8221;.vc_custom_1496175611860{padding-top: 30px !important;padding-right: 30px !important;padding-bottom: 30px !important;padding-left: 30px !important;background-color: rgba(0,0,0,0.03) !important;*background-color: rgb(0,0,0) !important;}&#8221; addstyles=&#8221;min-height: 445px;&#8221; el_class=&#8221;no-margin&#8221;][vc_column_text el_class=&#8221;remove-on-ipad&#8221;]Dottore magistrale in Podoiatria Dottore Magistrale in Scienze della Riabilitazione Dottore in Tecniche Ortopediche Master\u00a0in Chirurgia Podologica Master in Podologia Medico Chirurgica Direttore [&hellip;]<\/p>\n","protected":false},"author":1,"featured_media":0,"parent":0,"menu_order":0,"comment_status":"closed","ping_status":"closed","template":"","meta":{"_monsterinsights_skip_tracking":false,"_monsterinsights_sitenote_active":false,"_monsterinsights_sitenote_note":"","_monsterinsights_sitenote_category":0},"_links":{"self":[{"href":"https:\/\/podoiatria.it\/Podiatria\/wp-json\/wp\/v2\/pages\/671"}],"collection":[{"href":"https:\/\/podoiatria.it\/Podiatria\/wp-json\/wp\/v2\/pages"}],"about":[{"href":"https:\/\/podoiatria.it\/Podiatria\/wp-json\/wp\/v2\/types\/page"}],"author":[{"embeddable":true,"href":"https:\/\/podoiatria.it\/Podiatria\/wp-json\/wp\/v2\/users\/1"}],"replies":[{"embeddable":true,"href":"https:\/\/podoiatria.it\/Podiatria\/wp-json\/wp\/v2\/comments?post=671"}],"version-history":[{"count":19,"href":"https:\/\/podoiatria.it\/Podiatria\/wp-json\/wp\/v2\/pages\/671\/revisions"}],"predecessor-version":[{"id":10113,"href":"https:\/\/podoiatria.it\/Podiatria\/wp-json\/wp\/v2\/pages\/671\/revisions\/10113"}],"wp:attachment":[{"href":"https:\/\/podoiatria.it\/Podiatria\/wp-json\/wp\/v2\/media?parent=671"}],"curies":[{"name":"wp","href":"https:\/\/api.w.org\/{rel}","templated":true}]}}